{"id":2,"date":"2016-05-10T03:48:21","date_gmt":"2016-05-10T03:48:21","guid":{"rendered":"http:\/\/demiryapiinsaat.com.tr\/?page_id=2"},"modified":"2025-03-12T12:46:19","modified_gmt":"2025-03-12T12:46:19","slug":"sample-page","status":"publish","type":"page","link":"https:\/\/demiryapiinsaat.com.tr\/?page_id=2","title":{"rendered":"Biz Kim&#8217;iz?"},"content":{"rendered":"\n<p><strong>Demiryap\u0131 \u0130n\u015faat: G\u00fcven, Kalite ve \u0130novasyonun Bulu\u015fma Noktas\u0131<\/strong><br>Demiryap\u0131 \u0130n\u015faat, in\u015faat sekt\u00f6r\u00fcnde 20 y\u0131l\u0131 a\u015fk\u0131n deneyimiyle, projelerine katt\u0131\u011f\u0131 yenilik\u00e7i yakla\u015f\u0131m\u0131 ve y\u00fcksek kaliteli m\u00fchendislik hizmetleriyle sekt\u00f6rde kendine sa\u011flam bir yer edinmi\u015ftir. Her projede, estetik anlay\u0131\u015f\u0131, i\u015flevsellik ve s\u00fcrd\u00fcr\u00fclebilirlik ilkelerini \u00f6n planda tutarak, m\u00fc\u015fteri memnuniyetini her zaman \u00f6ncelikli hedef olarak belirlemektedir. \u0130n\u015faat ve altyap\u0131 projelerinde sa\u011flad\u0131\u011f\u0131 ba\u015far\u0131lar, Demiryap\u0131 \u0130n\u015faat\u2019\u0131n sekt\u00f6rdeki g\u00fcvenilirli\u011fini peki\u015ftirmi\u015ftir.<\/p>\n\n\n\n<blockquote class=\"wp-block-quote is-layout-flow wp-block-quote-is-layout-flow\">\n<p>Firma, kuruldu\u011fu g\u00fcnden itibaren modern in\u015faat teknikleri ve ileri m\u00fchendislik \u00e7\u00f6z\u00fcmleriyle ad\u0131n\u0131 duyurmu\u015ftur. Her projede \u00e7evreye duyarl\u0131, enerji verimli ve uzun \u00f6m\u00fcrl\u00fc yap\u0131lar in\u015fa etme vizyonunu benimsemi\u015f olan Demiryap\u0131 \u0130n\u015faat, yenilik\u00e7i ve s\u00fcrd\u00fcr\u00fclebilir tasar\u0131mlar sunarak sekt\u00f6re \u00f6nc\u00fcl\u00fck etmektedir. Firma, her a\u015famada profesyonel bir i\u015f yakla\u015f\u0131m\u0131 sergileyerek, en zorlu projelerde bile y\u00fcksek standartlar\u0131 yakalamaktad\u0131r.<\/p>\n<\/blockquote>\n\n\n\n<p>Demiryap\u0131 \u0130n\u015faat, b\u00fcy\u00fck \u00f6l\u00e7ekli projelerden konut yap\u0131m\u0131na kadar geni\u015f bir yelpazede hizmet sunmaktad\u0131r. Y\u00fcksek katl\u0131 binalar, al\u0131\u015fveri\u015f merkezleri, end\u00fcstriyel yap\u0131lar ve altyap\u0131 projeleri, firman\u0131n g\u00fc\u00e7l\u00fc referanslar\u0131ndand\u0131r. Ayr\u0131ca, her proje i\u00e7in \u00f6zel \u00e7\u00f6z\u00fcmler geli\u015ftiren firma, m\u00fc\u015fteri beklentilerini tam olarak kar\u015f\u0131lamak amac\u0131yla projeleri zaman\u0131nda ve b\u00fct\u00e7esinde tamamlamaktad\u0131r. Demiryap\u0131 \u0130n\u015faat, her projeye \u00f6zenle yakla\u015farak, sadece bir in\u015faat de\u011fil, bir ya\u015fam alan\u0131 in\u015fa etmeyi ama\u00e7lamaktad\u0131r.<\/p>\n\n\n\n<blockquote class=\"wp-block-quote is-layout-flow wp-block-quote-is-layout-flow\">\n<p>M\u00fchendislik ve in\u015faat alan\u0131ndaki ulusal ve uluslararas\u0131 deneyimi ile Demiryap\u0131 \u0130n\u015faat, d\u00fcnya standartlar\u0131nda projeler \u00fcretmektedir. Uluslararas\u0131 i\u015f ortakl\u0131klar\u0131 ve sertifikalar\u0131yla kalite g\u00fcvencesini peki\u015ftiren firma, sekt\u00f6r\u00fcn en \u00f6nemli oyuncular\u0131ndan biri olma yolunda emin ad\u0131mlarla ilerlemektedir. Ayr\u0131ca, \u015firketin g\u00fc\u00e7l\u00fc tedarik zinciri ve teknolojik altyap\u0131s\u0131, her projede m\u00fckemmeliyet\u00e7i bir yakla\u015f\u0131m sergilenmesine olanak tan\u0131maktad\u0131r.<\/p>\n<\/blockquote>\n\n\n\n<p>Demiryap\u0131 \u0130n\u015faat, sadece in\u015faat yapm\u0131yor, ayn\u0131 zamanda g\u00fcvenli, modern ve s\u00fcrd\u00fcr\u00fclebilir bir ya\u015fam alan\u0131 yarat\u0131yor. Firman\u0131n ba\u015far\u0131s\u0131n\u0131n ard\u0131nda, g\u00fc\u00e7l\u00fc bir ekip, ileriye d\u00f6n\u00fck vizyon ve m\u00fc\u015fterilere olan derin ba\u011fl\u0131l\u0131k yatmaktad\u0131r. \u015eirket, sekt\u00f6rdeki liderli\u011fini daha da peki\u015ftirerek, her ge\u00e7en g\u00fcn daha b\u00fcy\u00fck projelere imza atmay\u0131 hedeflemektedir.<\/p>\n\n\n\n<p><\/p>\n","protected":false},"excerpt":{"rendered":"<p>Demiryap\u0131 \u0130n\u015faat: G\u00fcven, Kalite ve \u0130novasyonun Bulu\u015fma Noktas\u0131Demiryap\u0131 \u0130n\u015faat, in\u015faat sekt\u00f6r\u00fcnde 20 y\u0131l\u0131 a\u015fk\u0131n deneyimiyle, projelerine katt\u0131\u011f\u0131 yenilik\u00e7i yakla\u015f\u0131m\u0131 ve y\u00fcksek kaliteli m\u00fchendislik hizmetleriyle sekt\u00f6rde kendine sa\u011flam bir<\/p>\n<p class=\"link-more\"><a class=\"rm-button\" href=\"https:\/\/demiryapiinsaat.com.tr\/?page_id=2\">Read More<\/a><\/p>\n","protected":false},"author":1,"featured_media":11,"parent":0,"menu_order":0,"comment_status":"closed","ping_status":"open","template":"","meta":{"footnotes":""},"class_list":["post-2","page","type-page","status-publish","has-post-thumbnail","hentry"],"_links":{"self":[{"href":"https:\/\/demiryapiinsaat.com.tr\/index.php?rest_route=\/wp\/v2\/pages\/2","targetHints":{"allow":["GET"]}}],"collection":[{"href":"https:\/\/demiryapiinsaat.com.tr\/index.php?rest_route=\/wp\/v2\/pages"}],"about":[{"href":"https:\/\/demiryapiinsaat.com.tr\/index.php?rest_route=\/wp\/v2\/types\/page"}],"author":[{"embeddable":true,"href":"https:\/\/demiryapiinsaat.com.tr\/index.php?rest_route=\/wp\/v2\/users\/1"}],"replies":[{"embeddable":true,"href":"https:\/\/demiryapiinsaat.com.tr\/index.php?rest_route=%2Fwp%2Fv2%2Fcomments&post=2"}],"version-history":[{"count":4,"href":"https:\/\/demiryapiinsaat.com.tr\/index.php?rest_route=\/wp\/v2\/pages\/2\/revisions"}],"predecessor-version":[{"id":13,"href":"https:\/\/demiryapiinsaat.com.tr\/index.php?rest_route=\/wp\/v2\/pages\/2\/revisions\/13"}],"wp:featuredmedia":[{"embeddable":true,"href":"https:\/\/demiryapiinsaat.com.tr\/index.php?rest_route=\/wp\/v2\/media\/11"}],"wp:attachment":[{"href":"https:\/\/demiryapiinsaat.com.tr\/index.php?rest_route=%2Fwp%2Fv2%2Fmedia&parent=2"}],"curies":[{"name":"wp","href":"https:\/\/api.w.org\/{rel}","templated":true}]}}